{"id":957,"date":"2020-03-15T13:38:27","date_gmt":"2020-03-15T16:38:27","guid":{"rendered":"https:\/\/ies9028-mza.infd.edu.ar\/sitio\/?page_id=957"},"modified":"2020-03-15T13:38:29","modified_gmt":"2020-03-15T16:38:29","slug":"pases","status":"publish","type":"page","link":"https:\/\/ies9028-infd.mendoza.edu.ar\/sitio\/pases\/","title":{"rendered":"Pases"},"content":{"rendered":"<ul>\n<li>\n<h2><strong>Documentaci\u00f3n para pase: <\/strong><\/h2>\n<ul>\n<li>\n<h4>Anal\u00edtico con car\u00e1cter de pase<\/h4>\n<\/li>\n<\/ul>\n<\/li>\n<\/ul>\n","protected":false},"excerpt":{"rendered":"<p>Documentaci\u00f3n para pase: Anal\u00edtico con car\u00e1cter de pase<\/p>\n","protected":false},"author":494,"featured_media":0,"parent":0,"menu_order":0,"comment_status":"closed","ping_status":"closed","template":"","meta":[],"acf":[],"_links":{"self":[{"href":"https:\/\/ies9028-infd.mendoza.edu.ar\/sitio\/wp-json\/wp\/v2\/pages\/957"}],"collection":[{"href":"https:\/\/ies9028-infd.mendoza.edu.ar\/sitio\/wp-json\/wp\/v2\/pages"}],"about":[{"href":"https:\/\/ies9028-infd.mendoza.edu.ar\/sitio\/wp-json\/wp\/v2\/types\/page"}],"author":[{"embeddable":true,"href":"https:\/\/ies9028-infd.mendoza.edu.ar\/sitio\/wp-json\/wp\/v2\/users\/494"}],"replies":[{"embeddable":true,"href":"https:\/\/ies9028-infd.mendoza.edu.ar\/sitio\/wp-json\/wp\/v2\/comments?post=957"}],"version-history":[{"count":1,"href":"https:\/\/ies9028-infd.mendoza.edu.ar\/sitio\/wp-json\/wp\/v2\/pages\/957\/revisions"}],"predecessor-version":[{"id":958,"href":"https:\/\/ies9028-infd.mendoza.edu.ar\/sitio\/wp-json\/wp\/v2\/pages\/957\/revisions\/958"}],"wp:attachment":[{"href":"https:\/\/ies9028-infd.mendoza.edu.ar\/sitio\/wp-json\/wp\/v2\/media?parent=957"}],"curies":[{"name":"wp","href":"https:\/\/api.w.org\/{rel}","templated":true}]}}