{"id":753,"date":"2018-08-31T12:42:44","date_gmt":"2018-08-31T15:42:44","guid":{"rendered":"https:\/\/ies9028-mza.infd.edu.ar\/sitio\/autoridades\/"},"modified":"2023-06-07T18:19:12","modified_gmt":"2023-06-07T21:19:12","slug":"autoridades","status":"publish","type":"page","link":"https:\/\/ies9028-infd.mendoza.edu.ar\/sitio\/autoridades\/","title":{"rendered":"Autoridades"},"content":{"rendered":"<div class=\"wp-block-image\">\n<figure class=\"aligncenter size-full is-resized\"><img decoding=\"async\" loading=\"lazy\" src=\"https:\/\/ies9028-infd.mendoza.edu.ar\/sitio\/wp-content\/uploads\/2023\/06\/membrete-9028-1.png\" alt=\"\" class=\"wp-image-1978\" width=\"1017\" height=\"307\" srcset=\"https:\/\/ies9028-infd.mendoza.edu.ar\/sitio\/wp-content\/uploads\/2023\/06\/membrete-9028-1.png 1296w, https:\/\/ies9028-infd.mendoza.edu.ar\/sitio\/wp-content\/uploads\/2023\/06\/membrete-9028-1-1000x302.png 1000w, https:\/\/ies9028-infd.mendoza.edu.ar\/sitio\/wp-content\/uploads\/2023\/06\/membrete-9028-1-768x232.png 768w\" sizes=\"(max-width: 1017px) 100vw, 1017px\" \/><figcaption class=\"wp-element-caption\"><strong>Cargos Electivos<\/strong><br>Per\u00edodo 03\/12\/2022 &#8211; 03\/12\/2026<\/figcaption><\/figure><\/div>\n\n\n<p class=\"has-text-align-center\"><strong>EQUIPO DE GESTI\u00d3N<\/strong><\/p>\n\n\n\n<p class=\"has-text-align-center\"><strong>Rectora:<\/strong> Prof. Celina Galaguza DNI 26.975.073<\/p>\n\n\n\n<p class=\"has-text-align-center\"><strong>Regente:<\/strong> Prof. Josu\u00e9 Mart\u00ednez DNI 18.825.368<\/p>\n\n\n\n<p class=\"has-text-align-center\"><strong>Jefe de Formaci\u00f3n Inicial: <\/strong>Prof. Ra\u00fal Guajardo DNI 18.591.949<\/p>\n\n\n\n<p class=\"has-text-align-center\"><strong>Jefe de Investigaci\u00f3n: <\/strong>Prof. Alberto Mu\u00f1oz DNI 27.362.758<\/p>\n\n\n\n<p class=\"has-text-align-center\"><strong>Jefe de Formaci\u00f3n Continua: <\/strong>Prof. Pedro Marsonet DNI 27.611.922<\/p>\n\n\n\n<p class=\"has-text-align-center\"><strong>Coordinadora Pr\u00e1ctica Profesional Docente:<\/strong> Prof. Mar\u00eda de los \u00c1ngeles Barrionuevo DNI 29.877.428<\/p>\n\n\n\n<p class=\"has-text-align-center\"><strong>Coordinadora Profesorado de Educaci\u00f3n Primaria:<\/strong> Prof. Julieta Lieby DNI 31.373.858<\/p>\n\n\n\n<p class=\"has-text-align-center\"><strong>Coordinadora de Profesorado de Teatro:<\/strong> Prof. Yemina Coronel DNI 29.189.812<\/p>\n\n\n\n<p class=\"has-text-align-center\"><strong>Coordinadora de Profesorado de M\u00fasica:<\/strong> Prof. Silvana Spinello DNI 23.647.508<\/p>\n\n\n\n<p class=\"has-text-align-center\"><strong>Coordinadora de Profesorado en Ingl\u00e9s:<\/strong> Prof. Viviana Quiroga (carrera en proceso de reconversi\u00f3n)<\/p>\n\n\n\n<p class=\"has-text-align-center\"><strong>Coordinadora de Tecnicatura Superior en Enolog\u00eda e Industria de los Alimentos:<\/strong> Prof. Vanina Abraham<\/p>\n\n\n\n<p class=\"has-text-align-center\"><strong>Coordinadora en Tecnicatura Superior en Recursos H\u00eddricos: <\/strong>Prof.Valeria Steppani (carrera en proceso de reconversi\u00f3n)<\/p>\n\n\n\n<p class=\"has-text-align-center\"><strong>CONSEJO DIRECTIVO<\/strong><\/p>\n\n\n\n<p class=\"has-text-align-center\"><strong>Claustro Docente &#8211; Consejeros Titulares<\/strong><\/p>\n\n\n\n<p class=\"has-text-align-center\">Prof. Gabriela Fern\u00e1ndez DNI 30.768.083,<\/p>\n\n\n\n<p class=\"has-text-align-center\">Prof. Daniel Pi\u00f1a DNI 21.162.058<\/p>\n\n\n\n<p class=\"has-text-align-center\">Valeria Settepani DNI 18.447.971,<\/p>\n\n\n\n<p class=\"has-text-align-center\">Juan Pablo Cruz DNI 23.942.899<\/p>\n\n\n\n<p class=\"has-text-align-center\">Marcela Lanzavequia DNI 21.739.930<\/p>\n\n\n\n<p class=\"has-text-align-center\"><strong>Claustro Docente &#8211; Consejeros Suplentes<\/strong><\/p>\n\n\n\n<p class=\"has-text-align-center\">Maira Arce DNI 30.848.008,<\/p>\n\n\n\n<p class=\"has-text-align-center\">Gerardo Pacheco DNI 29.214.955,<\/p>\n\n\n\n<p class=\"has-text-align-center\">Santiago S\u00e1ez DNI 38.416.297<\/p>\n\n\n\n<p class=\"has-text-align-center\"><strong>Claustro Estudiantes &#8211; Consejeros Titulares<\/strong><\/p>\n\n\n\n<p class=\"has-text-align-center\">Samuel Gatica DNI 35.615.968,<\/p>\n\n\n\n<p class=\"has-text-align-center\">Martina Casamitjana DNI 44.438.114,<\/p>\n\n\n\n<p class=\"has-text-align-center\">Juan Dimas Labella DNI 38.416.297.<\/p>\n\n\n\n<p class=\"has-text-align-center\"><strong>Claustro Estudiantes &#8211; Consejeros Suplentes<\/strong><\/p>\n\n\n\n<p class=\"has-text-align-center\">Melina Banegas DNI 39.581.548,<\/p>\n\n\n\n<p class=\"has-text-align-center\">Mar\u00eda Elena Baradona DNI 30.448.003,<\/p>\n\n\n\n<p class=\"has-text-align-center\">C\u00e9sar Estavilla DNI 33.829.807<\/p>\n\n\n\n<p class=\"has-text-align-center\"><strong>Claustro No Docente \u2013 Consejera Titular<\/strong><\/p>\n\n\n\n<p class=\"has-text-align-center\">Graciela Illanes DNI 18.440.885<\/p>\n\n\n\n<p class=\"has-text-align-center\"><strong>Claustro No Docente \u2013 Consejera Suplente<\/strong><\/p>\n\n\n\n<p class=\"has-text-align-center\">Yamila Ocampo DNI 28.791.511<\/p>\n\n\n\n<p class=\"has-text-align-center\"><strong>Claustro Egresados &#8211; Consejera Titular<\/strong><\/p>\n\n\n\n<p class=\"has-text-align-center\">Elina Romero DNI 34.676.678<\/p>\n\n\n\n<p class=\"has-text-align-center\"><strong>Claustro Egresados \u2013 Consejeros Suplentes<\/strong><\/p>\n\n\n\n<p class=\"has-text-align-center\">F\u00e1tima Campos DNI 28.791.511,<\/p>\n\n\n\n<p class=\"has-text-align-center\">Yamila Milano DNI 38.335.096,<\/p>\n\n\n\n<p class=\"has-text-align-center\">Jonatan C\u00e1rdenas DNI 39.382.810.<\/p>\n\n\n<div class=\"wp-block-image\">\n<figure class=\"aligncenter size-full\"><img decoding=\"async\" loading=\"lazy\" width=\"1298\" height=\"331\" src=\"https:\/\/ies9028-infd.mendoza.edu.ar\/sitio\/wp-content\/uploads\/2023\/06\/membrete-9028-pie.png\" alt=\"\" class=\"wp-image-1981\" srcset=\"https:\/\/ies9028-infd.mendoza.edu.ar\/sitio\/wp-content\/uploads\/2023\/06\/membrete-9028-pie.png 1298w, https:\/\/ies9028-infd.mendoza.edu.ar\/sitio\/wp-content\/uploads\/2023\/06\/membrete-9028-pie-1000x255.png 1000w, https:\/\/ies9028-infd.mendoza.edu.ar\/sitio\/wp-content\/uploads\/2023\/06\/membrete-9028-pie-768x196.png 768w\" sizes=\"(max-width: 1298px) 100vw, 1298px\" \/><\/figure><\/div>","protected":false},"excerpt":{"rendered":"<p>EQUIPO DE GESTI\u00d3N Rectora: Prof. Celina Galaguza DNI 26.975.073 Regente: Prof. Josu\u00e9 Mart\u00ednez DNI 18.825.368 Jefe de Formaci\u00f3n Inicial: Prof. Ra\u00fal Guajardo DNI 18.591.949 Jefe de Investigaci\u00f3n: Prof. Alberto Mu\u00f1oz DNI 27.362.758 Jefe de Formaci\u00f3n Continua: Prof. Pedro Marsonet DNI 27.611.922 Coordinadora Pr\u00e1ctica Profesional Docente: Prof. Mar\u00eda de los \u00c1ngeles Barrionuevo DNI 29.877.428 Coordinadora Profesorado &#8230; <a title=\"Autoridades\" class=\"read-more\" href=\"https:\/\/ies9028-infd.mendoza.edu.ar\/sitio\/autoridades\/\" aria-label=\"More on Autoridades\">[+]<\/a><\/p>\n","protected":false},"author":494,"featured_media":0,"parent":0,"menu_order":0,"comment_status":"closed","ping_status":"closed","template":"","meta":[],"acf":[],"_links":{"self":[{"href":"https:\/\/ies9028-infd.mendoza.edu.ar\/sitio\/wp-json\/wp\/v2\/pages\/753"}],"collection":[{"href":"https:\/\/ies9028-infd.mendoza.edu.ar\/sitio\/wp-json\/wp\/v2\/pages"}],"about":[{"href":"https:\/\/ies9028-infd.mendoza.edu.ar\/sitio\/wp-json\/wp\/v2\/types\/page"}],"author":[{"embeddable":true,"href":"https:\/\/ies9028-infd.mendoza.edu.ar\/sitio\/wp-json\/wp\/v2\/users\/494"}],"replies":[{"embeddable":true,"href":"https:\/\/ies9028-infd.mendoza.edu.ar\/sitio\/wp-json\/wp\/v2\/comments?post=753"}],"version-history":[{"count":10,"href":"https:\/\/ies9028-infd.mendoza.edu.ar\/sitio\/wp-json\/wp\/v2\/pages\/753\/revisions"}],"predecessor-version":[{"id":1983,"href":"https:\/\/ies9028-infd.mendoza.edu.ar\/sitio\/wp-json\/wp\/v2\/pages\/753\/revisions\/1983"}],"wp:attachment":[{"href":"https:\/\/ies9028-infd.mendoza.edu.ar\/sitio\/wp-json\/wp\/v2\/media?parent=753"}],"curies":[{"name":"wp","href":"https:\/\/api.w.org\/{rel}","templated":true}]}}