{"id":745,"date":"2018-08-31T12:42:41","date_gmt":"2018-08-31T15:42:41","guid":{"rendered":"https:\/\/ies9028-mza.infd.edu.ar\/sitio\/docentes\/"},"modified":"2021-06-16T19:58:48","modified_gmt":"2021-06-16T22:58:48","slug":"docentes","status":"publish","type":"page","link":"https:\/\/ies9028-infd.mendoza.edu.ar\/sitio\/docentes\/","title":{"rendered":"Docentes"},"content":{"rendered":"<p><span style=\"color: #cc6600; font-family: Arial; font-size: medium;\"><strong>\u00a0<\/strong><\/span><\/p>\n<table style=\"border: 1px solid #5090b0; width: 90%;\" border=\"1\" cellspacing=\"0\" cellpadding=\"0\" align=\"center\">\n<tbody>\n<tr align=\"center\" valign=\"middle\">\n<td style=\"width: 45%; height: 20px; background-color: #ddeaf0; border: #5090b0 1px solid;\" align=\"center\" valign=\"middle\"><span style=\"font-size: small;\"><span style=\"font-family: verdana,geneva;\"><span style=\"color: #3e748e;\"><strong>Docentes<\/strong><\/span><\/span><\/span><\/td>\n<td style=\"width: 45%; height: 20px; background-color: #ddeaf0; border: #5090b0 1px solid;\" align=\"center\" valign=\"middle\"><span style=\"font-size: small;\"><span style=\"color: #3e748e; font-family: verdana,geneva;\"><strong>Docentes<\/strong><\/span><\/span><\/td>\n<\/tr>\n<tr align=\"center\" valign=\"middle\">\n<td style=\"width: 45%; height: 20px; border: #5090b0 1px solid;\" align=\"center\" valign=\"middle\">\n<p style=\"text-align: left;\">ABDALA Gast\u00f3n<br \/>\nABRAHAM Vanina<br \/>\nABU NASSAR Alexandra<br \/>\nAGUILAR Ramon Gonzalo<br \/>\nAGUILERA Lucas<br \/>\nALFARO Patricia Del Luj\u00e1n<br \/>\nALTURRIA Carlos Maximiliano<br \/>\nARCE MAIRA Noem\u00ed<br \/>\nBARRIONUEVO Mar\u00eda de los \u00c1ngeles<br \/>\nBLANCO Mauricio R<br \/>\nBUSTOS Fernando \u00c1lvaro<br \/>\nCAMACHO Mar\u00eda B<br \/>\nCAMARGO Rosana Elizabeth<br \/>\nCAMPOS F\u00e1tima<br \/>\nCAPONE Gustavo<br \/>\nCARDENAS Jonatan Luis<br \/>\nCARRION Mar\u00eda Cecilia<br \/>\nCARRION Mar\u00eda Celeste<br \/>\nCAUSSI Ana Cristina<br \/>\nCIFUENTES FERNANDEZ Andrea<br \/>\nCIFUENTES Pablo Antonio<br \/>\nCONCATI Mar\u00eda Jos\u00e9<br \/>\nCONSOLI Hugo W<br \/>\nCONSOLI M\u00f3nica Elisabeth<br \/>\nCONTRERAS Claudia A<br \/>\nCORONEL Ver\u00f3nica Yemina<br \/>\nCORTES Ver\u00f3nica Mar\u00eda<br \/>\nCOSAS Ana<br \/>\nCRUSE\u00d1O Albana Soledad<br \/>\nCRUZ Juan Pablo<br \/>\nDIAZ ARROYO Darwin<br \/>\nDOLCEMASCOLO Andrea Raquel<br \/>\nDOMINGUEZ BASTIAS Alejandro Mois\u00e9s<br \/>\nEGEA Mar\u00eda Eugenia<br \/>\nENRIQUE Tatiana Carolina<br \/>\nESCALANTE Mar\u00eda Laura<br \/>\nFABRE Andrea Alejandra<br \/>\nFERNANDEZ Gabriela Mariana<br \/>\nFERNANDEZ Sergio Humberto<br \/>\nFORNONI Mar\u00eda Victoria<br \/>\nFRIGERIO Rosa Eva<br \/>\nFUENZALIDA CUEVAS Mar\u00eda Cristina<br \/>\nFUNES Mauricio<br \/>\nGALAGUZA Celina Laura<br \/>\nGARRO Mar\u00eda Fernanda<br \/>\nGONZALEZ Cecilia B<br \/>\nGUAJARDO Ra\u00fal Herman<br \/>\nHERRERIAS Carlos Antonio<br \/>\nKUHNE-VACA Licia Valeria<br \/>\nLANZAVEQUIA Marcela Ester<br \/>\nLARA Mar\u00eda Lorena<br \/>\nLEROUC Mar\u00eda Eva<br \/>\nLIEBY Julieta<br \/>\nLOMBINO Rebeca<br \/>\nLONGO Pablo Dar\u00edo<br \/>\nLORENZO Gustavo An\u00edbal<br \/>\nLUCERO Enrique Luis<br \/>\nLUNA Mar\u00eda Carolina<\/p>\n<\/td>\n<td style=\"width: 45%; height: 20px; border: #5090b0 1px solid;\" align=\"center\" valign=\"middle\">\n<p style=\"text-align: left;\">MARSONET Pedro Sebasti\u00e1n<br \/>\nMARTI Carlos David<br \/>\nMARTIN Enrique Patricio<br \/>\nMARTIN Juan Pablo<br \/>\nMARTINEZ Gloria Del V<br \/>\nMARTINEZ NINA Josu\u00e9 Iber<br \/>\nMARYLLACK Vicente Miguel<br \/>\nMAVEROFF Mar\u00eda Cristina<br \/>\nMendoza Santiago Manuel<br \/>\nMESTRE SANGUEDOLCE Anal\u00eda Ver\u00f3nica<br \/>\nMILANO Yamila Sol<br \/>\nMOLINA Vanesa Cintia<br \/>\nMONETTI Julio Cesar<br \/>\nMONTENEGRO Adriana<br \/>\nMORABITO Coralia Ianina<br \/>\nMORALES Patricia Gabriela<br \/>\nMORENO Mariano Martin<br \/>\nMORGADO German Alberto<br \/>\nMORGUI Ricardo Manuel<br \/>\nMOYA Guillermo Nicol\u00e1s<br \/>\nMU\u00d1OZ Alberto Eloy<br \/>\nMU\u00d1OZ Alejandro Andr\u00e9s<br \/>\nNERI Gustavo Daniel<br \/>\nNU\u00d1EZ Rodrigo Sebasti\u00e1n<br \/>\nOLGUIN Mar\u00eda Eva<br \/>\nPACE Emmanuel<br \/>\nPACHECO Gerardo Jes\u00fas<br \/>\nPAEZ Dami\u00e1n Octavio<br \/>\nPAEZ Patricia Mabel<br \/>\nPALIZA Daniel Eduardo<br \/>\nPALMA H\u00e9ctor Nelson<br \/>\nPANTONE Pedro Gerardo Jes\u00fas<br \/>\nPICCO Mar\u00eda Guadalupe<br \/>\nPI\u00d1A Daniel Alberto<br \/>\nPIRRONE Mar\u00eda Adela<br \/>\nPUENTES Mariela In\u00e9s<br \/>\nQUI\u00d1ONES Graciela Beatriz<br \/>\nQUIROGA Jos\u00e9 Adri\u00e1n<br \/>\nQUIROGA Nancy Viviana<br \/>\nRAED Rosina Shirley<br \/>\nRAMIREZ Irma Gabriela<br \/>\nREINOSO Ruth Anal\u00eda<br \/>\nRIVAS Jos\u00e9 Antonio<br \/>\nRIVEROS Jorge O<br \/>\nROMANIUK Ana<br \/>\nROMEO Antonella<br \/>\nSAEZ Santiago Luis<br \/>\nSAILE Leonardo Amin<br \/>\nSALGADO Silvana Mar\u00eda<br \/>\nSANCHEZ Gladys Beatriz<br \/>\nSANZ Nicolas<br \/>\nSETTEPANI Valeria Gilda<br \/>\nSPINELLO Silvana Susana<br \/>\nSPURI Cecilia L<br \/>\nSPURI Emilio Fernando<br \/>\nTOLEDO Adriana In\u00e9s<br \/>\nTOLEDO Cecilia Edith<br \/>\nTREFONTANE Mar\u00eda Eugenia<br \/>\nVALDIVIESO Mariana Vanesa<br \/>\nVIANI ARRAES Martin Alberto<\/p>\n<\/td>\n<\/tr>\n<\/tbody>\n<\/table>\n<p>&nbsp;<\/p>\n<p><span style=\"font-family: 'arial black', 'avant garde'; color: #ff9900;\">\u00a0<\/span><\/p>\n","protected":false},"excerpt":{"rendered":"<p>\u00a0 Docentes Docentes ABDALA Gast\u00f3n ABRAHAM Vanina ABU NASSAR Alexandra AGUILAR Ramon Gonzalo AGUILERA Lucas ALFARO Patricia Del Luj\u00e1n ALTURRIA Carlos Maximiliano ARCE MAIRA Noem\u00ed BARRIONUEVO Mar\u00eda de los \u00c1ngeles BLANCO Mauricio R BUSTOS Fernando \u00c1lvaro CAMACHO Mar\u00eda B CAMARGO Rosana Elizabeth CAMPOS F\u00e1tima CAPONE Gustavo CARDENAS Jonatan Luis CARRION Mar\u00eda Cecilia CARRION Mar\u00eda Celeste &#8230; <a title=\"Docentes\" class=\"read-more\" href=\"https:\/\/ies9028-infd.mendoza.edu.ar\/sitio\/docentes\/\" aria-label=\"More on Docentes\">[+]<\/a><\/p>\n","protected":false},"author":494,"featured_media":0,"parent":0,"menu_order":0,"comment_status":"closed","ping_status":"closed","template":"","meta":[],"acf":[],"_links":{"self":[{"href":"https:\/\/ies9028-infd.mendoza.edu.ar\/sitio\/wp-json\/wp\/v2\/pages\/745"}],"collection":[{"href":"https:\/\/ies9028-infd.mendoza.edu.ar\/sitio\/wp-json\/wp\/v2\/pages"}],"about":[{"href":"https:\/\/ies9028-infd.mendoza.edu.ar\/sitio\/wp-json\/wp\/v2\/types\/page"}],"author":[{"embeddable":true,"href":"https:\/\/ies9028-infd.mendoza.edu.ar\/sitio\/wp-json\/wp\/v2\/users\/494"}],"replies":[{"embeddable":true,"href":"https:\/\/ies9028-infd.mendoza.edu.ar\/sitio\/wp-json\/wp\/v2\/comments?post=745"}],"version-history":[{"count":3,"href":"https:\/\/ies9028-infd.mendoza.edu.ar\/sitio\/wp-json\/wp\/v2\/pages\/745\/revisions"}],"predecessor-version":[{"id":1328,"href":"https:\/\/ies9028-infd.mendoza.edu.ar\/sitio\/wp-json\/wp\/v2\/pages\/745\/revisions\/1328"}],"wp:attachment":[{"href":"https:\/\/ies9028-infd.mendoza.edu.ar\/sitio\/wp-json\/wp\/v2\/media?parent=745"}],"curies":[{"name":"wp","href":"https:\/\/api.w.org\/{rel}","templated":true}]}}