{"id":1496,"date":"2022-04-19T20:41:33","date_gmt":"2022-04-19T23:41:33","guid":{"rendered":"https:\/\/ies9028-infd.mendoza.edu.ar\/sitio\/?page_id=1496"},"modified":"2023-06-27T18:38:37","modified_gmt":"2023-06-27T21:38:37","slug":"sistema-academico","status":"publish","type":"page","link":"https:\/\/ies9028-infd.mendoza.edu.ar\/sitio\/sistema-academico\/","title":{"rendered":"Sistema Acad\u00e9mico"},"content":{"rendered":"\n<p>por&nbsp;<a href=\"https:\/\/ies9028-infd.mendoza.edu.ar\/sitio\/author\/26828986\/\">Mar\u00eda Carolina Luna<\/a><\/p>\n\n\n\n<p class=\"has-text-align-center\"><strong>SISTEMA DE GESTI\u00d3N ACAD\u00c9MICA<\/strong><\/p>\n\n\n\n<p class=\"has-text-align-center\">El Sistema se encuentra actualizado al 27\/06\/2023<\/p>\n\n\n\n<p class=\"has-text-align-center\">Ingreso al Sistema:<\/p>\n\n\n\n<p class=\"has-text-align-center\"><a href=\"http:\/\/mza9028.informaticaluna.com.ar\/\" target=\"_blank\" rel=\"noreferrer noopener\">http:\/\/mza9028.informaticaluna.com.ar\/<\/a><\/p>\n\n\n\n<hr class=\"wp-block-separator has-css-opacity\"\/>\n\n\n\n<p class=\"has-text-align-center\">\u00bfNo sabe u olvido su contrase\u00f1a? Siga los siguientes pasos:<\/p>\n\n\n\n<p class=\"has-text-align-center\">1-Ingresar al aula \u00abSistema Acad\u00e9mico\u00bb en el campus virtual:<\/p>\n\n\n\n<p class=\"has-text-align-center\"><a href=\"https:\/\/ies9028-infd.mendoza.edu.ar\/aula\/index.cgi?id_curso=478\" target=\"_blank\" rel=\"noreferrer noopener\">https:\/\/ies9028-infd.mendoza.edu.ar\/aula\/index.cgi?id_curso=478<\/a><\/p>\n\n\n\n<p class=\"has-text-align-center\">2-Ingrese a la secci\u00f3n clave donde encontrar\u00e1 \u201cClave de ingreso al sistema acad\u00e9mico\u201d:<\/p>\n\n\n\n<p class=\"has-text-align-center\">3-Tome nota de su clave de 4 d\u00edgitos.<\/p>\n\n\n\n<p class=\"has-text-align-center\">4-Ingrese su usuario, contrase\u00f1a y carrera que cursa para visualizar su estado acad\u00e9mico en:<\/p>\n\n\n\n<p class=\"has-text-align-center\"><a href=\"http:\/\/mza9028.informaticaluna.com.ar\/\" target=\"_blank\" rel=\"noreferrer noopener\">http:\/\/mza9028.informaticaluna.com.ar\/<\/a><\/p>\n\n\n\n<hr class=\"wp-block-separator has-css-opacity\"\/>\n\n\n\n<p class=\"has-text-align-center\">A\u00fan no puedo ingresar:<\/p>\n\n\n\n<p class=\"has-text-align-center\">Enviar mensaje de texto al WhatsApp: <a href=\"https:\/\/wa.me\/542616517857\" data-type=\"URL\" data-id=\"https:\/\/wa.me\/542616517857\" target=\"_blank\" rel=\"noreferrer noopener\">+5492616517857<\/a><\/p>\n\n\n\n<hr class=\"wp-block-separator has-css-opacity\"\/>\n\n\n\n<p class=\"has-text-align-center\">&#8211;Por consulta sobre modificaci\u00f3n de datos personales y\/o acad\u00e9micos consulte con su bedel de carrera&#8211;<\/p>\n\n\n\n<p class=\"has-text-align-center\"><strong>Equipo Directivo<\/strong><\/p>\n","protected":false},"excerpt":{"rendered":"<p>por&nbsp;Mar\u00eda Carolina Luna SISTEMA DE GESTI\u00d3N ACAD\u00c9MICA El Sistema se encuentra actualizado al 27\/06\/2023 Ingreso al Sistema: http:\/\/mza9028.informaticaluna.com.ar\/ \u00bfNo sabe u olvido su contrase\u00f1a? Siga los siguientes pasos: 1-Ingresar al aula \u00abSistema Acad\u00e9mico\u00bb en el campus virtual: https:\/\/ies9028-infd.mendoza.edu.ar\/aula\/index.cgi?id_curso=478 2-Ingrese a la secci\u00f3n clave donde encontrar\u00e1 \u201cClave de ingreso al sistema acad\u00e9mico\u201d: 3-Tome nota de su &#8230; <a title=\"Sistema Acad\u00e9mico\" class=\"read-more\" href=\"https:\/\/ies9028-infd.mendoza.edu.ar\/sitio\/sistema-academico\/\" aria-label=\"More on Sistema Acad\u00e9mico\">[+]<\/a><\/p>\n","protected":false},"author":494,"featured_media":0,"parent":0,"menu_order":0,"comment_status":"closed","ping_status":"closed","template":"","meta":[],"acf":[],"_links":{"self":[{"href":"https:\/\/ies9028-infd.mendoza.edu.ar\/sitio\/wp-json\/wp\/v2\/pages\/1496"}],"collection":[{"href":"https:\/\/ies9028-infd.mendoza.edu.ar\/sitio\/wp-json\/wp\/v2\/pages"}],"about":[{"href":"https:\/\/ies9028-infd.mendoza.edu.ar\/sitio\/wp-json\/wp\/v2\/types\/page"}],"author":[{"embeddable":true,"href":"https:\/\/ies9028-infd.mendoza.edu.ar\/sitio\/wp-json\/wp\/v2\/users\/494"}],"replies":[{"embeddable":true,"href":"https:\/\/ies9028-infd.mendoza.edu.ar\/sitio\/wp-json\/wp\/v2\/comments?post=1496"}],"version-history":[{"count":5,"href":"https:\/\/ies9028-infd.mendoza.edu.ar\/sitio\/wp-json\/wp\/v2\/pages\/1496\/revisions"}],"predecessor-version":[{"id":2063,"href":"https:\/\/ies9028-infd.mendoza.edu.ar\/sitio\/wp-json\/wp\/v2\/pages\/1496\/revisions\/2063"}],"wp:attachment":[{"href":"https:\/\/ies9028-infd.mendoza.edu.ar\/sitio\/wp-json\/wp\/v2\/media?parent=1496"}],"curies":[{"name":"wp","href":"https:\/\/api.w.org\/{rel}","templated":true}]}}